{"id":5406,"date":"2021-03-16T14:53:46","date_gmt":"2021-03-16T14:53:46","guid":{"rendered":"https:\/\/www.7elfen.de\/?page_id=5406"},"modified":"2026-02-26T10:43:04","modified_gmt":"2026-02-26T10:43:04","slug":"modelbewerbung","status":"publish","type":"page","link":"https:\/\/www.7elfen.de\/index.php\/modelbewerbung\/","title":{"rendered":"Modelbewerbung"},"content":{"rendered":"\t\t<div data-elementor-type=\"wp-page\" data-elementor-id=\"5406\" class=\"elementor elementor-5406\" data-elementor-post-type=\"page\">\n\t\t\t\t\t\t<section class=\"elementor-section elementor-top-section elementor-element elementor-element-a1f0683 elementor-section-boxed elementor-section-height-default elementor-section-height-default\" data-id=\"a1f0683\" data-element_type=\"section\">\n\t\t\t\t\t\t<div class=\"elementor-container elementor-column-gap-default\">\n\t\t\t\t\t<div class=\"elementor-column elementor-col-100 elementor-top-column elementor-element elementor-element-b95341f ot-flex-column-vertical\" data-id=\"b95341f\" data-element_type=\"column\">\n\t\t\t<div class=\"elementor-widget-wrap elementor-element-populated\">\n\t\t\t\t\t\t<div class=\"elementor-element elementor-element-d3b5bb9 elementor-widget elementor-widget-text-editor\" data-id=\"d3b5bb9\" data-element_type=\"widget\" data-widget_type=\"text-editor.default\">\n\t\t\t\t<div class=\"elementor-widget-container\">\n\t\t\t\t\t\t\t\t\t<p><br><\/p><p>Willkommen bei 7Elfen,<\/p>\n<p>unser Studio organisiert regelm\u00e4\u00dfig Photoevents. Hierf\u00fcr suchen wir immer wieder neue Gesichter. &nbsp;Du m\u00f6chtest mehr dazu wissen? Unter dem Men\u00fcpunkt &#8222;7Elfen&#8220; findest unsere aktuellen und vergangenen Veranstaltungen. Falls du Interesse hast, bei uns vor der Kamera zu stehen, so freuen wir uns \u00fcber deine Bewerbung.<\/p>\n<p>Bitte f\u00fclle dazu das nachstehende Bewerbungsformular vollst\u00e4ndig aus.&nbsp;&nbsp;Bewerber m\u00fcssen mindestens 18 Jahre alt und weiblich sein. Unser Team wird sich nach Durchsicht der Bewerbung in den n\u00e4chsten Tagen per E-Mail&nbsp; in Verbindung setzen. Die Daten werden vertraulich behandelt. Vielen Dank f\u00fcr dein Interesse.<\/p>\t\t\t\t\t\t\t\t<\/div>\n\t\t\t\t<\/div>\n\t\t\t\t\t<\/div>\n\t\t<\/div>\n\t\t\t\t\t<\/div>\n\t\t<\/section>\n\t\t\t\t<section class=\"elementor-section elementor-top-section elementor-element elementor-element-5e5e3e6 elementor-section-boxed elementor-section-height-default elementor-section-height-default\" data-id=\"5e5e3e6\" data-element_type=\"section\">\n\t\t\t\t\t\t<div class=\"elementor-container elementor-column-gap-default\">\n\t\t\t\t\t<div class=\"elementor-column elementor-col-100 elementor-top-column elementor-element elementor-element-f54eacf ot-flex-column-vertical\" data-id=\"f54eacf\" data-element_type=\"column\">\n\t\t\t<div class=\"elementor-widget-wrap elementor-element-populated\">\n\t\t\t\t\t\t<div class=\"elementor-element elementor-element-0797875 elementor-button-align-stretch elementor-widget elementor-widget-form\" data-id=\"0797875\" data-element_type=\"widget\" data-settings=\"{&quot;step_next_label&quot;:&quot;N\\u00e4chster&quot;,&quot;step_previous_label&quot;:&quot;Voriger&quot;,&quot;button_width&quot;:&quot;100&quot;,&quot;step_type&quot;:&quot;number_text&quot;,&quot;step_icon_shape&quot;:&quot;circle&quot;}\" data-widget_type=\"form.default\">\n\t\t\t\t<div class=\"elementor-widget-container\">\n\t\t\t\t\t\t\t<form class=\"elementor-form\" method=\"post\" name=\"Modelbewerbung\">\n\t\t\t<input type=\"hidden\" name=\"post_id\" value=\"5406\"\/>\n\t\t\t<input type=\"hidden\" name=\"form_id\" value=\"0797875\"\/>\n\t\t\t<input type=\"hidden\" name=\"referer_title\" value=\"\" \/>\n\n\t\t\t\n\t\t\t<div class=\"elementor-form-fields-wrapper elementor-labels-above\">\n\t\t\t\t\t\t\t\t<div class=\"elementor-field-type-text elementor-field-group elementor-column elementor-field-group-Name elementor-col-100 elementor-field-required elementor-mark-required\">\n\t\t\t\t\t\t\t\t\t\t\t\t<label for=\"form-field-Name\" class=\"elementor-field-label\">\n\t\t\t\t\t\t\t\tName\t\t\t\t\t\t\t<\/label>\n\t\t\t\t\t\t\t\t\t\t\t\t\t\t<input size=\"1\" type=\"text\" name=\"form_fields[Name]\" id=\"form-field-Name\" class=\"elementor-field elementor-size-sm  elementor-field-textual\" required=\"required\">\n\t\t\t\t\t\t\t\t\t\t\t<\/div>\n\t\t\t\t\t\t\t\t<div class=\"elementor-field-type-email elementor-field-group elementor-column elementor-field-group-email elementor-col-100 elementor-field-required elementor-mark-required\">\n\t\t\t\t\t\t\t\t\t\t\t\t<label for=\"form-field-email\" class=\"elementor-field-label\">\n\t\t\t\t\t\t\t\tE-Mail\t\t\t\t\t\t\t<\/label>\n\t\t\t\t\t\t\t\t\t\t\t\t\t\t<input size=\"1\" type=\"email\" name=\"form_fields[email]\" id=\"form-field-email\" class=\"elementor-field elementor-size-sm  elementor-field-textual\" required=\"required\">\n\t\t\t\t\t\t\t\t\t\t\t<\/div>\n\t\t\t\t\t\t\t\t<div class=\"elementor-field-type-text elementor-field-group elementor-column elementor-field-group-Geburtsdatun elementor-col-100 elementor-field-required elementor-mark-required\">\n\t\t\t\t\t\t\t\t\t\t\t\t<label for=\"form-field-Geburtsdatun\" class=\"elementor-field-label\">\n\t\t\t\t\t\t\t\tGeburtsdatum\t\t\t\t\t\t\t<\/label>\n\t\t\t\t\t\t\t\t\t\t\t\t\t\t<input size=\"1\" type=\"text\" name=\"form_fields[Geburtsdatun]\" id=\"form-field-Geburtsdatun\" class=\"elementor-field elementor-size-sm  elementor-field-textual\" required=\"required\">\n\t\t\t\t\t\t\t\t\t\t\t<\/div>\n\t\t\t\t\t\t\t\t<div class=\"elementor-field-type-text elementor-field-group elementor-column elementor-field-group-Sprachen elementor-col-100 elementor-field-required elementor-mark-required\">\n\t\t\t\t\t\t\t\t\t\t\t\t<label for=\"form-field-Sprachen\" class=\"elementor-field-label\">\n\t\t\t\t\t\t\t\tGesprochene Sprache\t\t\t\t\t\t\t<\/label>\n\t\t\t\t\t\t\t\t\t\t\t\t\t\t<input size=\"1\" type=\"text\" name=\"form_fields[Sprachen]\" id=\"form-field-Sprachen\" class=\"elementor-field elementor-size-sm  elementor-field-textual\" placeholder=\"Nachricht\" required=\"required\">\n\t\t\t\t\t\t\t\t\t\t\t<\/div>\n\t\t\t\t\t\t\t\t<div class=\"elementor-field-type-checkbox elementor-field-group elementor-column elementor-field-group-Aufnahmebereich elementor-col-100\">\n\t\t\t\t\t\t\t\t\t\t\t\t<label for=\"form-field-Aufnahmebereich\" class=\"elementor-field-label\">\n\t\t\t\t\t\t\t\tAufnahmebereich\t\t\t\t\t\t\t<\/label>\n\t\t\t\t\t\t<div class=\"elementor-field-subgroup  elementor-subgroup-inline\"><span class=\"elementor-field-option\"><input type=\"checkbox\" value=\"Portrait\" id=\"form-field-Aufnahmebereich-0\" name=\"form_fields[Aufnahmebereich][]\"> <label for=\"form-field-Aufnahmebereich-0\">Portrait<\/label><\/span><span class=\"elementor-field-option\"><input type=\"checkbox\" value=\"Akt\" id=\"form-field-Aufnahmebereich-1\" name=\"form_fields[Aufnahmebereich][]\"> <label for=\"form-field-Aufnahmebereich-1\">Akt<\/label><\/span><span class=\"elementor-field-option\"><input type=\"checkbox\" value=\"Lifestyl\" id=\"form-field-Aufnahmebereich-2\" name=\"form_fields[Aufnahmebereich][]\"> <label for=\"form-field-Aufnahmebereich-2\">Lifestyl<\/label><\/span><span class=\"elementor-field-option\"><input type=\"checkbox\" value=\"Dessous\" id=\"form-field-Aufnahmebereich-3\" name=\"form_fields[Aufnahmebereich][]\"> <label for=\"form-field-Aufnahmebereich-3\">Dessous<\/label><\/span><span class=\"elementor-field-option\"><input type=\"checkbox\" value=\"Hochzeit\" id=\"form-field-Aufnahmebereich-4\" name=\"form_fields[Aufnahmebereich][]\"> <label for=\"form-field-Aufnahmebereich-4\">Hochzeit<\/label><\/span><span class=\"elementor-field-option\"><input type=\"checkbox\" value=\"Fernsehen\" id=\"form-field-Aufnahmebereich-5\" name=\"form_fields[Aufnahmebereich][]\"> <label for=\"form-field-Aufnahmebereich-5\">Fernsehen<\/label><\/span><span class=\"elementor-field-option\"><input type=\"checkbox\" value=\"Tanz\" id=\"form-field-Aufnahmebereich-6\" name=\"form_fields[Aufnahmebereich][]\"> <label for=\"form-field-Aufnahmebereich-6\">Tanz<\/label><\/span><span class=\"elementor-field-option\"><input type=\"checkbox\" value=\"Promotion\" id=\"form-field-Aufnahmebereich-7\" name=\"form_fields[Aufnahmebereich][]\"> <label for=\"form-field-Aufnahmebereich-7\">Promotion<\/label><\/span><span class=\"elementor-field-option\"><input type=\"checkbox\" value=\"Fashion\" id=\"form-field-Aufnahmebereich-8\" name=\"form_fields[Aufnahmebereich][]\"> <label for=\"form-field-Aufnahmebereich-8\">Fashion<\/label><\/span><span class=\"elementor-field-option\"><input type=\"checkbox\" value=\"Bademode\" id=\"form-field-Aufnahmebereich-9\" name=\"form_fields[Aufnahmebereich][]\"> <label for=\"form-field-Aufnahmebereich-9\">Bademode<\/label><\/span><span class=\"elementor-field-option\"><input type=\"checkbox\" value=\"Fetisch\" id=\"form-field-Aufnahmebereich-10\" name=\"form_fields[Aufnahmebereich][]\"> <label for=\"form-field-Aufnahmebereich-10\">Fetisch<\/label><\/span><span class=\"elementor-field-option\"><input type=\"checkbox\" value=\"Bodypainting\" id=\"form-field-Aufnahmebereich-11\" name=\"form_fields[Aufnahmebereich][]\"> <label for=\"form-field-Aufnahmebereich-11\">Bodypainting<\/label><\/span><span class=\"elementor-field-option\"><input type=\"checkbox\" value=\"Theater\" id=\"form-field-Aufnahmebereich-12\" name=\"form_fields[Aufnahmebereich][]\"> <label for=\"form-field-Aufnahmebereich-12\">Theater<\/label><\/span><span class=\"elementor-field-option\"><input type=\"checkbox\" value=\"Laufsteg\" id=\"form-field-Aufnahmebereich-13\" name=\"form_fields[Aufnahmebereich][]\"> <label for=\"form-field-Aufnahmebereich-13\">Laufsteg<\/label><\/span><\/div>\t\t\t\t<\/div>\n\t\t\t\t\t\t\t\t<div class=\"elementor-field-type-radio elementor-field-group elementor-column elementor-field-group-Modelerfahrung elementor-col-100 elementor-field-required elementor-mark-required\">\n\t\t\t\t\t\t\t\t\t\t\t\t<label for=\"form-field-Modelerfahrung\" class=\"elementor-field-label\">\n\t\t\t\t\t\t\t\tModelerfahrung\t\t\t\t\t\t\t<\/label>\n\t\t\t\t\t\t<div class=\"elementor-field-subgroup  elementor-subgroup-inline\"><span class=\"elementor-field-option\"><input type=\"radio\" value=\"noch keine\" id=\"form-field-Modelerfahrung-0\" name=\"form_fields[Modelerfahrung]\" required=\"required\"> <label for=\"form-field-Modelerfahrung-0\">noch keine<\/label><\/span><span class=\"elementor-field-option\"><input type=\"radio\" value=\"ja, wenig\" id=\"form-field-Modelerfahrung-1\" name=\"form_fields[Modelerfahrung]\" required=\"required\"> <label for=\"form-field-Modelerfahrung-1\">ja, wenig<\/label><\/span><span class=\"elementor-field-option\"><input type=\"radio\" value=\"ja, viel\" id=\"form-field-Modelerfahrung-2\" name=\"form_fields[Modelerfahrung]\" required=\"required\"> <label for=\"form-field-Modelerfahrung-2\">ja, viel<\/label><\/span><\/div>\t\t\t\t<\/div>\n\t\t\t\t\t\t\t\t<div class=\"elementor-field-type-checkbox elementor-field-group elementor-column elementor-field-group-Verfuegbarkeit elementor-col-100\">\n\t\t\t\t\t\t\t\t\t\t\t\t<label for=\"form-field-Verfuegbarkeit\" class=\"elementor-field-label\">\n\t\t\t\t\t\t\t\tVerf\u00fcgbarkeit\t\t\t\t\t\t\t<\/label>\n\t\t\t\t\t\t<div class=\"elementor-field-subgroup  elementor-subgroup-inline\"><span class=\"elementor-field-option\"><input type=\"checkbox\" value=\"Wochentags\" id=\"form-field-Verfuegbarkeit-0\" name=\"form_fields[Verfuegbarkeit][]\"> <label for=\"form-field-Verfuegbarkeit-0\">Wochentags<\/label><\/span><span class=\"elementor-field-option\"><input type=\"checkbox\" value=\"Sonnabend\" id=\"form-field-Verfuegbarkeit-1\" name=\"form_fields[Verfuegbarkeit][]\"> <label for=\"form-field-Verfuegbarkeit-1\">Sonnabend<\/label><\/span><span class=\"elementor-field-option\"><input type=\"checkbox\" value=\"Sonntag\" id=\"form-field-Verfuegbarkeit-2\" name=\"form_fields[Verfuegbarkeit][]\"> <label for=\"form-field-Verfuegbarkeit-2\">Sonntag<\/label><\/span><\/div>\t\t\t\t<\/div>\n\t\t\t\t\t\t\t\t<div class=\"elementor-field-type-text elementor-field-group elementor-column elementor-field-group-Referenzlink elementor-col-100\">\n\t\t\t\t\t\t\t\t\t\t\t\t<label for=\"form-field-Referenzlink\" class=\"elementor-field-label\">\n\t\t\t\t\t\t\t\tReferenzbilder\t\t\t\t\t\t\t<\/label>\n\t\t\t\t\t\t\t\t\t\t\t\t\t\t<input size=\"1\" type=\"text\" name=\"form_fields[Referenzlink]\" id=\"form-field-Referenzlink\" class=\"elementor-field elementor-size-sm  elementor-field-textual\" placeholder=\"Link zu Referenzen eingeben\">\n\t\t\t\t\t\t\t\t\t\t\t<\/div>\n\t\t\t\t\t\t\t\t<div class=\"elementor-field-type-textarea elementor-field-group elementor-column elementor-field-group-Links elementor-col-100\">\n\t\t\t\t\t\t\t\t\t\t\t\t<label for=\"form-field-Links\" class=\"elementor-field-label\">\n\t\t\t\t\t\t\t\tLink zu deinen Seiten\t\t\t\t\t\t\t<\/label>\n\t\t\t\t\t\t<textarea class=\"elementor-field-textual elementor-field  elementor-size-sm\" name=\"form_fields[Links]\" id=\"form-field-Links\" rows=\"4\" placeholder=\"z.B. Instagram, Facebook, Modelkartei, ... \"><\/textarea>\t\t\t\t<\/div>\n\t\t\t\t\t\t\t\t<div class=\"elementor-field-type-textarea elementor-field-group elementor-column elementor-field-group-Nachricht elementor-col-100\">\n\t\t\t\t\t\t\t\t\t\t\t\t<label for=\"form-field-Nachricht\" class=\"elementor-field-label\">\n\t\t\t\t\t\t\t\tNachricht\t\t\t\t\t\t\t<\/label>\n\t\t\t\t\t\t<textarea class=\"elementor-field-textual elementor-field  elementor-size-sm\" name=\"form_fields[Nachricht]\" id=\"form-field-Nachricht\" rows=\"4\"><\/textarea>\t\t\t\t<\/div>\n\t\t\t\t\t\t\t\t<div class=\"elementor-field-type-acceptance elementor-field-group elementor-column elementor-field-group-Einverstaendnis elementor-col-100 elementor-field-required elementor-mark-required\">\n\t\t\t\t\t\t\t\t\t\t\t\t<label for=\"form-field-Einverstaendnis\" class=\"elementor-field-label\">\n\t\t\t\t\t\t\t\tEinverst\u00e4ndniserkl\u00e4rung\t\t\t\t\t\t\t<\/label>\n\t\t\t\t\t\t\t\t<div class=\"elementor-field-subgroup\">\n\t\t\t<span class=\"elementor-field-option\">\n\t\t\t\t<input type=\"checkbox\" name=\"form_fields[Einverstaendnis]\" id=\"form-field-Einverstaendnis\" class=\"elementor-field elementor-size-sm  elementor-acceptance-field\" required=\"required\">\n\t\t\t\t<label for=\"form-field-Einverstaendnis\">Ja, ich bin einverstanden und stimme ausdr\u00fccklich zu, dass meine obigen pers\u00f6nlichen Daten zum Zweck der Erfassung in der Datenbank von 7Elfen verarbeitet werden. Diese Zustimmung kann ich jederzeit per E-Mail widerrufen. 7Elfen hat das Recht, mich bez\u00fcglich Auftragsvermittlung (Fotoauftr\u00e4ge) zu kontaktieren.<\/label>\t\t\t<\/span>\n\t\t<\/div>\n\t\t\t\t\t\t<\/div>\n\t\t\t\t\t\t\t\t<div class=\"elementor-field-type-recaptcha_v3 elementor-field-group elementor-column elementor-field-group-field_31d773d elementor-col-100 recaptcha_v3-bottomright\">\n\t\t\t\t\t<div class=\"elementor-field\" id=\"form-field-field_31d773d\"><div class=\"elementor-g-recaptcha\" data-sitekey=\"6Lc5tzsaAAAAAGBCwEXDW_1s5QjL9UKuWPmB3ciz\" data-type=\"v3\" data-action=\"Form\" data-badge=\"bottomright\" data-size=\"invisible\"><\/div><\/div>\t\t\t\t<\/div>\n\t\t\t\t\t\t\t\t<div class=\"elementor-field-group elementor-column elementor-field-type-submit elementor-col-100 e-form__buttons\">\n\t\t\t\t\t<button class=\"elementor-button elementor-size-sm\" type=\"submit\">\n\t\t\t\t\t\t<span class=\"elementor-button-content-wrapper\">\n\t\t\t\t\t\t\t\t\t\t\t\t\t\t\t\t\t\t\t\t\t\t<span class=\"elementor-button-text\">Senden<\/span>\n\t\t\t\t\t\t\t\t\t\t\t\t\t<\/span>\n\t\t\t\t\t<\/button>\n\t\t\t\t<\/div>\n\t\t\t<\/div>\n\t\t<\/form>\n\t\t\t\t\t\t<\/div>\n\t\t\t\t<\/div>\n\t\t\t\t\t<\/div>\n\t\t<\/div>\n\t\t\t\t\t<\/div>\n\t\t<\/section>\n\t\t\t\t<\/div>\n\t\t","protected":false},"excerpt":{"rendered":"<p>Willkommen bei 7Elfen, unser Studio organisiert regelm\u00e4\u00dfig Photoevents. Hierf\u00fcr suchen wir immer wieder neue Gesichter. &nbsp;Du m\u00f6chtest mehr dazu wissen? Unter dem Men\u00fcpunkt &#8222;7Elfen&#8220; findest unsere aktuellen und vergangenen Veranstaltungen. Falls du Interesse hast, bei uns vor der Kamera zu stehen, so freuen wir uns \u00fcber deine Bewerbung. Bitte f\u00fclle dazu das nachstehende Bewerbungsformular vollst\u00e4ndig [&hellip;]<\/p>\n","protected":false},"author":1,"featured_media":0,"parent":0,"menu_order":0,"comment_status":"closed","ping_status":"closed","template":"","meta":{"footnotes":""},"_links":{"self":[{"href":"https:\/\/www.7elfen.de\/index.php\/wp-json\/wp\/v2\/pages\/5406"}],"collection":[{"href":"https:\/\/www.7elfen.de\/index.php\/wp-json\/wp\/v2\/pages"}],"about":[{"href":"https:\/\/www.7elfen.de\/index.php\/wp-json\/wp\/v2\/types\/page"}],"author":[{"embeddable":true,"href":"https:\/\/www.7elfen.de\/index.php\/wp-json\/wp\/v2\/users\/1"}],"replies":[{"embeddable":true,"href":"https:\/\/www.7elfen.de\/index.php\/wp-json\/wp\/v2\/comments?post=5406"}],"version-history":[{"count":63,"href":"https:\/\/www.7elfen.de\/index.php\/wp-json\/wp\/v2\/pages\/5406\/revisions"}],"predecessor-version":[{"id":9864,"href":"https:\/\/www.7elfen.de\/index.php\/wp-json\/wp\/v2\/pages\/5406\/revisions\/9864"}],"wp:attachment":[{"href":"https:\/\/www.7elfen.de\/index.php\/wp-json\/wp\/v2\/media?parent=5406"}],"curies":[{"name":"wp","href":"https:\/\/api.w.org\/{rel}","templated":true}]}}